{"id":2,"date":"2024-11-09T10:19:26","date_gmt":"2024-11-09T15:19:26","guid":{"rendered":"http:\/\/test.boomerang.pe\/trabajo\/?page_id=2"},"modified":"2025-10-24T13:21:01","modified_gmt":"2025-10-24T18:21:01","slug":"registro-de-contratos","status":"publish","type":"page","link":"http:\/\/test.boomerang.pe\/trabajo\/registro-de-contratos\/","title":{"rendered":"Registro de contratos"},"content":{"rendered":"\n<ul class=\"wp-block-list\">\n<li>El Registro de Trabajo del Hogar es la Plataforma Web del MTPE que permite a tu empleador formalizar el contrato de trabajo firmado contigo.<\/li>\n\n\n\n<li>Al registrar tu contrato, se garantiza tu acceso a beneficios esenciales, como ESSALUD para atenci\u00f3n m\u00e9dica y ONP para pensiones.<\/li>\n\n\n\n<li>Una vez que el contrato est\u00e1 en el sistema, tu empleador puede gestionar f\u00e1cilmente los pagos de seguridad social a trav\u00e9s de SUNAT.<\/li>\n<\/ul>\n","protected":false},"excerpt":{"rendered":"","protected":false},"author":1,"featured_media":0,"parent":0,"menu_order":0,"comment_status":"closed","ping_status":"open","template":"","meta":{"_acf_changed":false,"footnotes":""},"class_list":["post-2","page","type-page","status-publish","hentry"],"acf":[],"_links":{"self":[{"href":"http:\/\/test.boomerang.pe\/trabajo\/wp-json\/wp\/v2\/pages\/2","targetHints":{"allow":["GET"]}}],"collection":[{"href":"http:\/\/test.boomerang.pe\/trabajo\/wp-json\/wp\/v2\/pages"}],"about":[{"href":"http:\/\/test.boomerang.pe\/trabajo\/wp-json\/wp\/v2\/types\/page"}],"author":[{"embeddable":true,"href":"http:\/\/test.boomerang.pe\/trabajo\/wp-json\/wp\/v2\/users\/1"}],"replies":[{"embeddable":true,"href":"http:\/\/test.boomerang.pe\/trabajo\/wp-json\/wp\/v2\/comments?post=2"}],"version-history":[{"count":21,"href":"http:\/\/test.boomerang.pe\/trabajo\/wp-json\/wp\/v2\/pages\/2\/revisions"}],"predecessor-version":[{"id":630,"href":"http:\/\/test.boomerang.pe\/trabajo\/wp-json\/wp\/v2\/pages\/2\/revisions\/630"}],"wp:attachment":[{"href":"http:\/\/test.boomerang.pe\/trabajo\/wp-json\/wp\/v2\/media?parent=2"}],"curies":[{"name":"wp","href":"https:\/\/api.w.org\/{rel}","templated":true}]}}